{"id":12,"date":"2024-10-16T23:47:54","date_gmt":"2024-10-16T20:47:54","guid":{"rendered":"https:\/\/palatvet.ro\/about-us\/"},"modified":"2024-10-20T23:23:56","modified_gmt":"2024-10-20T20:23:56","slug":"about-us","status":"publish","type":"page","link":"https:\/\/palatvet.ro\/?page_id=12","title":{"rendered":"About Us"},"content":{"rendered":"<div class=\"wp-block-uagb-container uagb-block-b9cc7a1c alignfull uagb-is-root-container\"><div class=\"uagb-container-inner-blocks-wrap\"><div class=\"wp-block-uagb-advanced-heading uagb-block-0ae51710\"><h1 class=\"uagb-heading-text\">Despre Palat Vet<\/h1><\/div><\/div><\/div><div class=\"wp-block-uagb-container uagb-block-5f7f6f03 alignfull uagb-is-root-container\"><div class=\"uagb-container-inner-blocks-wrap\"><div class=\"wp-block-uagb-image alignleft uagb-block-6c4d1c39 wp-block-uagb-image--layout-default wp-block-uagb-image--effect-static wp-block-uagb-image--align-left\"><figure class=\"wp-block-uagb-image__figure\"><img loading=\"lazy\" decoding=\"async\" srcset=\"https:\/\/palatvet.ro\/wp-content\/uploads\/2024\/10\/white-fluffy-cat-veterinarian-with-cats-animals-couch-1024x683.jpg ,https:\/\/palatvet.ro\/wp-content\/uploads\/2024\/10\/white-fluffy-cat-veterinarian-with-cats-animals-couch-scaled.jpg 780w, https:\/\/palatvet.ro\/wp-content\/uploads\/2024\/10\/white-fluffy-cat-veterinarian-with-cats-animals-couch-scaled.jpg 360w\" sizes=\"auto, (max-width: 480px) 150px\" src=\"https:\/\/palatvet.ro\/wp-content\/uploads\/2024\/10\/white-fluffy-cat-veterinarian-with-cats-animals-couch-1024x683.jpg\" alt=\"\" class=\"uag-image-1914\" width=\"560\" height=\"450\" title=\"Female veterinarian trims cat's claws white\" loading=\"lazy\" role=\"img\"\/><\/figure><\/div>\n\n<div class=\"wp-block-uagb-container uagb-block-2cc2bc76\"><div class=\"wp-block-uagb-advanced-heading uagb-block-12fcb048\"><h2 class=\"uagb-heading-text\">Pasiunea noastr\u0103 pentru animale<\/h2><p class=\"uagb-desc-text\">Cu o experien\u021b\u0103 vast\u0103 \u00een domeniul \u00eengrijirii animalelor, Palat Vet ofer\u0103 o platform\u0103 dedicat\u0103 pasiona\u021bilor de animale \u0219i profesioni\u0219tilor veterinari. Echipa noastr\u0103 de exper\u021bi este dedicat\u0103 furniz\u0103rii celor mai bune informa\u021bii \u0219i produse pentru s\u0103n\u0103tatea \u0219i fericirea animalelor.<\/p><\/div>\n\n<div class=\"wp-block-uagb-advanced-heading uagb-block-04903cec\"><p class=\"uagb-desc-text\">Echipa noastr\u0103 const\u0103 din veterinari califica\u021bi, speciali\u0219ti \u00een nutri\u021bie animal\u0103 \u0219i iubitori de animale, care colaboreaz\u0103 pentru a oferi resurse utile \u0219i produse de calitate. Suntem aici pentru a ne asigura c\u0103 fiecare animal prime\u0219te \u00eengrijirea pe care o merit\u0103.<\/p><\/div><\/div><\/div><\/div><div class=\"wp-block-uagb-container uagb-block-0f99c3d5 alignfull uagb-is-root-container\"><div class=\"uagb-container-inner-blocks-wrap\"><div class=\"wp-block-uagb-advanced-heading uagb-block-d80d1198\"><div class=\"uagb-heading-text\">De ce s\u0103 ne alegi?<\/div><\/div>\n\n<div class=\"wp-block-uagb-advanced-heading uagb-block-6bcebb04\"><h2 class=\"uagb-heading-text\">Valorile noastre unice<\/h2><\/div>\n\n<div class=\"wp-block-uagb-container uagb-block-493f6ce1\"><div class=\"wp-block-uagb-container uagb-block-c0da353d\"><div class=\"wp-block-uagb-advanced-heading uagb-block-94acea8d\"><div class=\"uagb-heading-text\">01.<\/div><\/div>\n\n<div class=\"wp-block-uagb-advanced-heading uagb-block-cdc0f1b9\"><h3 class=\"uagb-heading-text\">Expertiz\u0103 veterinar\u0103<\/h3><p class=\"uagb-desc-text\">Articole bine documentate oferite de exper\u021bi \u00een domeniu, pentru a asigura \u00eengrijirea optimal\u0103 a animalelor tale.<\/p><\/div><\/div>\n\n<div class=\"wp-block-uagb-container uagb-block-a44f5268\"><div class=\"wp-block-uagb-advanced-heading uagb-block-3acd47ef\"><div class=\"uagb-heading-text\">02.<\/div><\/div>\n\n<div class=\"wp-block-uagb-advanced-heading uagb-block-fd65736d\"><h3 class=\"uagb-heading-text\">Produse de calitate superioar\u0103<\/h3><p class=\"uagb-desc-text\">Produse de \u00eenalt\u0103 calitate, atent selec\u021bionate pentru a \u00eembun\u0103t\u0103\u021bi via\u021ba at\u00e2t a st\u0103p\u00e2nilor, c\u00e2t \u0219i a animalelor lor.<\/p><\/div><\/div>\n\n<div class=\"wp-block-uagb-container uagb-block-b3c03ce4\"><div class=\"wp-block-uagb-advanced-heading uagb-block-c5d4336e\"><div class=\"uagb-heading-text\">03.<\/div><\/div>\n\n<div class=\"wp-block-uagb-advanced-heading uagb-block-3d3e70a3\"><h3 class=\"uagb-heading-text\">Comunitate de iubitori de animale<\/h3><p class=\"uagb-desc-text\">Navigare u\u0219oar\u0103 \u0219i un proces de checkout simplificat, astfel \u00eenc\u00e2t s\u0103 \u00ee\u021bi po\u021bi comanda rapid \u0219i eficient nevoile pentru animalul t\u0103u.<\/p><\/div><\/div><\/div><\/div><\/div><div class=\"wp-block-uagb-container uagb-block-43f78ea6 alignfull uagb-is-root-container\"><div class=\"uagb-container-inner-blocks-wrap\"><div class=\"wp-block-uagb-info-box uagb-block-52cbc377 uagb-infobox__content-wrap  uagb-infobox-icon-above-title uagb-infobox-image-valign-top\"><div class=\"uagb-ifb-content\"><div class=\"uagb-ifb-title-wrap\"><h2 class=\"uagb-ifb-title\">Al\u0103tur\u0103-te comunit\u0103\u021bii noastre<\/h2><\/div><p class=\"uagb-ifb-desc\">\u00censcrie-te pentru sfaturi utile \u0219i oferte exclusive pentru iubitorii de animale!<\/p><\/div><\/div>\n\n<div class=\"wp-block-uagb-buttons uagb-buttons__outer-wrap uagb-btn__default-btn uagb-btn-tablet__default-btn uagb-btn-mobile__default-btn uagb-block-f4d2bfe9\"><div class=\"uagb-buttons__wrap uagb-buttons-layout-wrap \"><div class=\"wp-block-uagb-buttons-child uagb-buttons__outer-wrap uagb-block-1b3b52ed wp-block-button\"><div class=\"uagb-button__wrapper\"><a class=\"uagb-buttons-repeater wp-block-button__link\" aria-label=\"\" href=\"\/contact\/\" rel=\"follow noopener\" target=\"_self\"><div class=\"uagb-button__link\">\u00cencepe aici<\/div><\/a><\/div><\/div><\/div><\/div><\/div><\/div>","protected":false},"excerpt":{"rendered":"<p>Despre Palat Vet Pasiunea noastr\u0103 pentru animale Cu o experien\u021b\u0103 vast\u0103 \u00een domeniul \u00eengrijirii animalelor, Palat Vet ofer\u0103 o platform\u0103 [&hellip;]<\/p>\n","protected":false},"author":2,"featured_media":0,"parent":0,"menu_order":0,"comment_status":"closed","ping_status":"closed","template":"","meta":{"_surecart_dashboard_logo_width":"180px","_surecart_dashboard_show_logo":true,"_surecart_dashboard_navigation_orders":true,"_surecart_dashboard_navigation_invoices":true,"_surecart_dashboard_navigation_subscriptions":true,"_surecart_dashboard_navigation_downloads":true,"_surecart_dashboard_navigation_billing":true,"_surecart_dashboard_navigation_account":true,"_uag_custom_page_level_css":"","site-sidebar-layout":"default","site-content-layout":"","ast-site-content-layout":"default","site-content-style":"default","site-sidebar-style":"default","ast-global-header-display":"","ast-banner-title-visibility":"","ast-main-header-display":"","ast-hfb-above-header-display":"","ast-hfb-below-header-display":"","ast-hfb-mobile-header-display":"","site-post-title":"disabled","ast-breadcrumbs-content":"","ast-featured-img":"","footer-sml-layout":"","theme-transparent-header-meta":"","adv-header-id-meta":"","stick-header-meta":"","header-above-stick-meta":"","header-main-stick-meta":"","header-below-stick-meta":"","astra-migrate-meta-layouts":"set","ast-page-background-enabled":"default","ast-page-background-meta":{"desktop":{"background-color":"var(--ast-global-color-4)","background-image":"","background-repeat":"repeat","background-position":"center center","background-size":"auto","background-attachment":"scroll","background-type":"","background-media":"","overlay-type":"","overlay-color":"","overlay-opacity":"","overlay-gradient":""},"tablet":{"background-color":"","background-image":"","background-repeat":"repeat","background-position":"center center","background-size":"auto","background-attachment":"scroll","background-type":"","background-media":"","overlay-type":"","overlay-color":"","overlay-opacity":"","overlay-gradient":""},"mobile":{"background-color":"","background-image":"","background-repeat":"repeat","background-position":"center center","background-size":"auto","background-attachment":"scroll","background-type":"","background-media":"","overlay-type":"","overlay-color":"","overlay-opacity":"","overlay-gradient":""}},"ast-content-background-meta":{"desktop":{"background-color":"var(--ast-global-color-5)","background-image":"","background-repeat":"repeat","background-position":"center center","background-size":"auto","background-attachment":"scroll","background-type":"","background-media":"","overlay-type":"","overlay-color":"","overlay-opacity":"","overlay-gradient":""},"tablet":{"background-color":"var(--ast-global-color-5)","background-image":"","background-repeat":"repeat","background-position":"center center","background-size":"auto","background-attachment":"scroll","background-type":"","background-media":"","overlay-type":"","overlay-color":"","overlay-opacity":"","overlay-gradient":""},"mobile":{"background-color":"var(--ast-global-color-5)","background-image":"","background-repeat":"repeat","background-position":"center center","background-size":"auto","background-attachment":"scroll","background-type":"","background-media":"","overlay-type":"","overlay-color":"","overlay-opacity":"","overlay-gradient":""}},"footnotes":""},"class_list":["post-12","page","type-page","status-publish","hentry"],"uagb_featured_image_src":{"full":false,"thumbnail":false,"medium":false,"medium_large":false,"large":false,"1536x1536":false,"2048x2048":false,"woocommerce_thumbnail":false,"woocommerce_single":false,"woocommerce_gallery_thumbnail":false},"uagb_author_info":{"display_name":"Pop Adriana","author_link":"https:\/\/palatvet.ro\/?author=2"},"uagb_comment_info":0,"uagb_excerpt":"Despre Palat Vet Pasiunea noastr\u0103 pentru animale Cu o experien\u021b\u0103 vast\u0103 \u00een domeniul \u00eengrijirii animalelor, Palat Vet ofer\u0103 o platform\u0103 [&hellip;]","jetpack_sharing_enabled":true,"_links":{"self":[{"href":"https:\/\/palatvet.ro\/index.php?rest_route=\/wp\/v2\/pages\/12","targetHints":{"allow":["GET"]}}],"collection":[{"href":"https:\/\/palatvet.ro\/index.php?rest_route=\/wp\/v2\/pages"}],"about":[{"href":"https:\/\/palatvet.ro\/index.php?rest_route=\/wp\/v2\/types\/page"}],"author":[{"embeddable":true,"href":"https:\/\/palatvet.ro\/index.php?rest_route=\/wp\/v2\/users\/2"}],"replies":[{"embeddable":true,"href":"https:\/\/palatvet.ro\/index.php?rest_route=%2Fwp%2Fv2%2Fcomments&post=12"}],"version-history":[{"count":4,"href":"https:\/\/palatvet.ro\/index.php?rest_route=\/wp\/v2\/pages\/12\/revisions"}],"predecessor-version":[{"id":1929,"href":"https:\/\/palatvet.ro\/index.php?rest_route=\/wp\/v2\/pages\/12\/revisions\/1929"}],"wp:attachment":[{"href":"https:\/\/palatvet.ro\/index.php?rest_route=%2Fwp%2Fv2%2Fmedia&parent=12"}],"curies":[{"name":"wp","href":"https:\/\/api.w.org\/{rel}","templated":true}]}}