{"id":14,"date":"2024-10-16T23:47:54","date_gmt":"2024-10-16T20:47:54","guid":{"rendered":"https:\/\/palatvet.ro\/offerings\/"},"modified":"2024-10-20T23:54:55","modified_gmt":"2024-10-20T20:54:55","slug":"offerings","status":"publish","type":"page","link":"https:\/\/palatvet.ro\/?page_id=14","title":{"rendered":"Offerings"},"content":{"rendered":"<div class=\"wp-block-uagb-container uagb-block-2a911720 alignfull uagb-is-root-container\"><div class=\"uagb-container-inner-blocks-wrap\"><div class=\"wp-block-uagb-advanced-heading uagb-block-37007e46\"><h1 class=\"uagb-heading-text\">Ofertele Noastre<\/h1><\/div><\/div><\/div><div class=\"wp-block-uagb-container uagb-block-6b0a45b6 alignfull uagb-is-root-container\"><div class=\"uagb-container-inner-blocks-wrap\"><div class=\"wp-block-uagb-container uagb-block-83bd379f\"><div class=\"wp-block-uagb-container uagb-block-3f003211\"><div class=\"wp-block-uagb-info-box uagb-block-5a6a3882 uagb-infobox__content-wrap  uagb-infobox-icon-above-title uagb-infobox-image-valign-top\"><div class=\"uagb-ifb-content\"><div class=\"uagb-ifb-title-wrap\"><p class=\"uagb-ifb-title-prefix\">01<\/p><h2 class=\"uagb-ifb-title\">Blog Informativ<\/h2><\/div><p class=\"uagb-ifb-desc\">Blogul nostru ofer\u0103 articole bine structurate care acoper\u0103 subiecte despre s\u0103n\u0103tate, nutri\u021bie \u0219i \u00eengrijirea animalelor. Toate articolele sunt u\u0219or de citit \u0219i con\u021bin imagini prietenoase cu animale fericite.<\/p><\/div><\/div><\/div>\n\n<div class=\"wp-block-uagb-image alignright uagb-block-32ab58fe wp-block-uagb-image--layout-default wp-block-uagb-image--effect-static wp-block-uagb-image--align-right\"><figure class=\"wp-block-uagb-image__figure\"><img loading=\"lazy\" decoding=\"async\" srcset=\"https:\/\/palatvet.ro\/wp-content\/uploads\/2024\/10\/close-up-veterinarian-taking-care-dog-1024x681.jpg ,https:\/\/palatvet.ro\/wp-content\/uploads\/2024\/10\/close-up-veterinarian-taking-care-dog-scaled.jpg 780w, https:\/\/palatvet.ro\/wp-content\/uploads\/2024\/10\/close-up-veterinarian-taking-care-dog-scaled.jpg 360w\" sizes=\"auto, (max-width: 480px) 150px\" src=\"https:\/\/palatvet.ro\/wp-content\/uploads\/2024\/10\/close-up-veterinarian-taking-care-dog-1024x681.jpg\" alt=\"\" class=\"uag-image-1911\" width=\"560\" height=\"380\" title=\"close-up-veterinarian-taking-care-dog\" loading=\"lazy\" role=\"img\"\/><\/figure><\/div><\/div>\n\n<div class=\"wp-block-uagb-container uagb-block-5b0063ce\"><div class=\"wp-block-uagb-image alignleft uagb-block-fcfcefd9 wp-block-uagb-image--layout-default wp-block-uagb-image--effect-static wp-block-uagb-image--align-left\"><figure class=\"wp-block-uagb-image__figure\"><img loading=\"lazy\" decoding=\"async\" srcset=\"https:\/\/palatvet.ro\/wp-content\/uploads\/2024\/10\/close-up-veterinarian-taking-care-cat-3-1024x681.jpg ,https:\/\/palatvet.ro\/wp-content\/uploads\/2024\/10\/close-up-veterinarian-taking-care-cat-3-scaled.jpg 780w, https:\/\/palatvet.ro\/wp-content\/uploads\/2024\/10\/close-up-veterinarian-taking-care-cat-3-scaled.jpg 360w\" sizes=\"auto, (max-width: 480px) 150px\" src=\"https:\/\/palatvet.ro\/wp-content\/uploads\/2024\/10\/close-up-veterinarian-taking-care-cat-3-1024x681.jpg\" alt=\"\" class=\"uag-image-1913\" width=\"560\" height=\"380\" title=\"close-up-veterinarian-taking-care-cat\" loading=\"lazy\" role=\"img\"\/><\/figure><\/div>\n\n<div class=\"wp-block-uagb-container uagb-block-8e8be07f\"><div class=\"wp-block-uagb-info-box uagb-block-bb00902d uagb-infobox__content-wrap  uagb-infobox-icon-above-title uagb-infobox-image-valign-top\"><div class=\"uagb-ifb-content\"><div class=\"uagb-ifb-title-wrap\"><p class=\"uagb-ifb-title-prefix\">02<\/p><h2 class=\"uagb-ifb-title\">Magazin Online<\/h2><\/div><p class=\"uagb-ifb-desc\">Magazinul nostru online este dedicat v\u00e2nz\u0103rii de produse premium, inclusiv hran\u0103, juc\u0103rii \u0219i produse de \u00eengrijire. Cu un design curat \u0219i filtre clare, g\u0103sirea produsului dorit este rapid\u0103 \u0219i simpl\u0103.<\/p><\/div><\/div><\/div><\/div>\n\n<div class=\"wp-block-uagb-container uagb-block-299c1865\"><div class=\"wp-block-uagb-image alignleft uagb-block-f4013f1e wp-block-uagb-image--layout-default wp-block-uagb-image--effect-static wp-block-uagb-image--align-left\"><figure class=\"wp-block-uagb-image__figure\"><img loading=\"lazy\" decoding=\"async\" srcset=\"https:\/\/palatvet.ro\/wp-content\/uploads\/2024\/10\/2149100223.jpg ,https:\/\/palatvet.ro\/wp-content\/uploads\/2024\/10\/2149100223.jpg 780w, https:\/\/palatvet.ro\/wp-content\/uploads\/2024\/10\/2149100223.jpg 360w\" sizes=\"auto, (max-width: 480px) 150px\" src=\"https:\/\/palatvet.ro\/wp-content\/uploads\/2024\/10\/2149100223.jpg\" alt=\"\" class=\"uag-image-1854\" width=\"560\" height=\"380\" title=\"\" loading=\"lazy\" role=\"img\"\/><\/figure><\/div>\n\n<div class=\"wp-block-uagb-container uagb-block-0fd7333b\"><div class=\"wp-block-uagb-info-box uagb-block-27516f08 uagb-infobox__content-wrap  uagb-infobox-icon-above-title uagb-infobox-image-valign-top\"><div class=\"uagb-ifb-content\"><div class=\"uagb-ifb-title-wrap\"><p class=\"uagb-ifb-title-prefix\">04<\/p><h2 class=\"uagb-ifb-title\">Asisten\u021b\u0103 pentru Clien\u021bi<\/h2><\/div><p class=\"uagb-ifb-desc\">Echipa noastr\u0103 de asisten\u021b\u0103 clien\u021bi este disponibil\u0103 pentru a r\u0103spunde \u00eentreb\u0103rilor \u0219i pentru a oferi suport \u00een utilizarea platformei noastre, asigur\u00e2ndu-se c\u0103 experien\u021ba utilizatorilor este c\u00e2t mai pl\u0103cut\u0103.<\/p><\/div><\/div><\/div><\/div><\/div><\/div><div class=\"wp-block-uagb-container uagb-block-43f78ea6 alignfull uagb-is-root-container\"><div class=\"uagb-container-inner-blocks-wrap\"><div class=\"wp-block-uagb-info-box uagb-block-52cbc377 uagb-infobox__content-wrap  uagb-infobox-icon-above-title uagb-infobox-image-valign-top\"><div class=\"uagb-ifb-content\"><div class=\"uagb-ifb-title-wrap\"><h2 class=\"uagb-ifb-title\">Al\u0103tur\u0103-te comunit\u0103\u021bii noastre<\/h2><\/div><p class=\"uagb-ifb-desc\">\u00censcrie-te pentru sfaturi utile \u0219i oferte exclusive pentru iubitorii de animale!<\/p><\/div><\/div>\n\n<div class=\"wp-block-uagb-buttons uagb-buttons__outer-wrap uagb-btn__default-btn uagb-btn-tablet__default-btn uagb-btn-mobile__default-btn uagb-block-f4d2bfe9\"><div class=\"uagb-buttons__wrap uagb-buttons-layout-wrap \"><div class=\"wp-block-uagb-buttons-child uagb-buttons__outer-wrap uagb-block-1b3b52ed wp-block-button\"><div class=\"uagb-button__wrapper\"><a class=\"uagb-buttons-repeater wp-block-button__link\" aria-label=\"\" href=\"\/contact\/\" rel=\"follow noopener\" target=\"_self\"><div class=\"uagb-button__link\">\u00cencepe aici<\/div><\/a><\/div><\/div><\/div><\/div><\/div><\/div>","protected":false},"excerpt":{"rendered":"<p>Ofertele Noastre<\/p>\n","protected":false},"author":2,"featured_media":0,"parent":0,"menu_order":0,"comment_status":"closed","ping_status":"closed","template":"","meta":{"_surecart_dashboard_logo_width":"180px","_surecart_dashboard_show_logo":true,"_surecart_dashboard_navigation_orders":true,"_surecart_dashboard_navigation_invoices":true,"_surecart_dashboard_navigation_subscriptions":true,"_surecart_dashboard_navigation_downloads":true,"_surecart_dashboard_navigation_billing":true,"_surecart_dashboard_navigation_account":true,"_uag_custom_page_level_css":"","site-sidebar-layout":"default","site-content-layout":"","ast-site-content-layout":"default","site-content-style":"default","site-sidebar-style":"default","ast-global-header-display":"","ast-banner-title-visibility":"","ast-main-header-display":"","ast-hfb-above-header-display":"","ast-hfb-below-header-display":"","ast-hfb-mobile-header-display":"","site-post-title":"disabled","ast-breadcrumbs-content":"","ast-featured-img":"","footer-sml-layout":"","theme-transparent-header-meta":"","adv-header-id-meta":"","stick-header-meta":"","header-above-stick-meta":"","header-main-stick-meta":"","header-below-stick-meta":"","astra-migrate-meta-layouts":"set","ast-page-background-enabled":"default","ast-page-background-meta":{"desktop":{"background-color":"var(--ast-global-color-4)","background-image":"","background-repeat":"repeat","background-position":"center center","background-size":"auto","background-attachment":"scroll","background-type":"","background-media":"","overlay-type":"","overlay-color":"","overlay-opacity":"","overlay-gradient":""},"tablet":{"background-color":"","background-image":"","background-repeat":"repeat","background-position":"center center","background-size":"auto","background-attachment":"scroll","background-type":"","background-media":"","overlay-type":"","overlay-color":"","overlay-opacity":"","overlay-gradient":""},"mobile":{"background-color":"","background-image":"","background-repeat":"repeat","background-position":"center center","background-size":"auto","background-attachment":"scroll","background-type":"","background-media":"","overlay-type":"","overlay-color":"","overlay-opacity":"","overlay-gradient":""}},"ast-content-background-meta":{"desktop":{"background-color":"var(--ast-global-color-5)","background-image":"","background-repeat":"repeat","background-position":"center center","background-size":"auto","background-attachment":"scroll","background-type":"","background-media":"","overlay-type":"","overlay-color":"","overlay-opacity":"","overlay-gradient":""},"tablet":{"background-color":"var(--ast-global-color-5)","background-image":"","background-repeat":"repeat","background-position":"center center","background-size":"auto","background-attachment":"scroll","background-type":"","background-media":"","overlay-type":"","overlay-color":"","overlay-opacity":"","overlay-gradient":""},"mobile":{"background-color":"var(--ast-global-color-5)","background-image":"","background-repeat":"repeat","background-position":"center center","background-size":"auto","background-attachment":"scroll","background-type":"","background-media":"","overlay-type":"","overlay-color":"","overlay-opacity":"","overlay-gradient":""}},"footnotes":""},"class_list":["post-14","page","type-page","status-publish","hentry"],"uagb_featured_image_src":{"full":false,"thumbnail":false,"medium":false,"medium_large":false,"large":false,"1536x1536":false,"2048x2048":false,"woocommerce_thumbnail":false,"woocommerce_single":false,"woocommerce_gallery_thumbnail":false},"uagb_author_info":{"display_name":"Pop Adriana","author_link":"https:\/\/palatvet.ro\/?author=2"},"uagb_comment_info":0,"uagb_excerpt":"Ofertele Noastre","jetpack_sharing_enabled":true,"_links":{"self":[{"href":"https:\/\/palatvet.ro\/index.php?rest_route=\/wp\/v2\/pages\/14","targetHints":{"allow":["GET"]}}],"collection":[{"href":"https:\/\/palatvet.ro\/index.php?rest_route=\/wp\/v2\/pages"}],"about":[{"href":"https:\/\/palatvet.ro\/index.php?rest_route=\/wp\/v2\/types\/page"}],"author":[{"embeddable":true,"href":"https:\/\/palatvet.ro\/index.php?rest_route=\/wp\/v2\/users\/2"}],"replies":[{"embeddable":true,"href":"https:\/\/palatvet.ro\/index.php?rest_route=%2Fwp%2Fv2%2Fcomments&post=14"}],"version-history":[{"count":4,"href":"https:\/\/palatvet.ro\/index.php?rest_route=\/wp\/v2\/pages\/14\/revisions"}],"predecessor-version":[{"id":1933,"href":"https:\/\/palatvet.ro\/index.php?rest_route=\/wp\/v2\/pages\/14\/revisions\/1933"}],"wp:attachment":[{"href":"https:\/\/palatvet.ro\/index.php?rest_route=%2Fwp%2Fv2%2Fmedia&parent=14"}],"curies":[{"name":"wp","href":"https:\/\/api.w.org\/{rel}","templated":true}]}}