{"id":1862,"date":"2024-10-16T23:47:54","date_gmt":"2024-10-16T20:47:54","guid":{"rendered":"https:\/\/palatvet.ro\/home-2\/"},"modified":"2024-11-27T22:40:29","modified_gmt":"2024-11-27T20:40:29","slug":"home-2","status":"publish","type":"page","link":"https:\/\/palatvet.ro\/","title":{"rendered":"Home"},"content":{"rendered":"<div class=\"wp-block-uagb-container uagb-block-dba5be5a alignfull uagb-is-root-container\"><div class=\"uagb-container-inner-blocks-wrap\"><div class=\"wp-block-uagb-info-box uagb-block-7350c7ea uagb-infobox__content-wrap  uagb-infobox-icon-above-title uagb-infobox-image-valign-top wp-block-uagb-info-box--has-margin\"><div class=\"uagb-infobox-margin-wrapper\"><div class=\"uagb-ifb-content\"><div class=\"uagb-ifb-title-wrap\"><p class=\"uagb-ifb-title-prefix\">\u00cengrijire pentru animale<\/p><h1 class=\"uagb-ifb-title\">\u00cengrijire profesional\u0103 pentru prietenii t\u0103i<\/h1><\/div><div class=\"uagb-ifb-button-wrapper wp-block-button\"><a href=\"contact\/\" class=\"uagb-infobox-cta-link wp-block-button__link\" target=\"_self\" rel=\"noopener noreferrer\" onclick=\"return true;\"><span class=\"uagb-inline-editing\">\u00cencepe aici<\/span><\/a><\/div><\/div><\/div><\/div>\n\n<div class=\"wp-block-uagb-image aligncenter uagb-block-d66805a2 wp-block-uagb-image--layout-default wp-block-uagb-image--effect-static wp-block-uagb-image--align-center\"><figure class=\"wp-block-uagb-image__figure\"><img loading=\"lazy\" decoding=\"async\" srcset=\"https:\/\/palatvet.ro\/wp-content\/uploads\/2024\/10\/weimaraner-puppy-dog-snout-97082.jpeg ,https:\/\/palatvet.ro\/wp-content\/uploads\/2024\/10\/weimaraner-puppy-dog-snout-97082.jpeg 780w, https:\/\/palatvet.ro\/wp-content\/uploads\/2024\/10\/weimaraner-puppy-dog-snout-97082.jpeg 360w\" sizes=\"auto, (max-width: 480px) 150px\" src=\"https:\/\/palatvet.ro\/wp-content\/uploads\/2024\/10\/weimaraner-puppy-dog-snout-97082.jpeg\" alt=\"\" class=\"uag-image-1858\" width=\"1200\" height=\"540\" title=\"\" loading=\"lazy\" role=\"img\"\/><\/figure><\/div><\/div><\/div><div class=\"wp-block-uagb-container uagb-block-0f99c3d5 alignfull uagb-is-root-container\"><div class=\"uagb-container-inner-blocks-wrap\"><div class=\"wp-block-uagb-advanced-heading uagb-block-d80d1198\"><div class=\"uagb-heading-text\">Expertiza noastr\u0103<\/div><\/div>\n\n<div class=\"wp-block-uagb-advanced-heading uagb-block-6bcebb04\"><h2 class=\"uagb-heading-text\">Valorile noastre unice \u00een \u00eengrijirea animalelor de companie<\/h2><\/div>\n\n<div class=\"wp-block-uagb-container uagb-block-493f6ce1\"><div class=\"wp-block-uagb-container uagb-block-c0da353d\"><div class=\"wp-block-uagb-advanced-heading uagb-block-94acea8d\"><div class=\"uagb-heading-text\">01.<\/div><\/div>\n\n<div class=\"wp-block-uagb-advanced-heading uagb-block-cdc0f1b9\"><h3 class=\"uagb-heading-text\">\u00cengrijire bazat\u0103 pe \u0219tiin\u021b\u0103<\/h3><p class=\"uagb-desc-text\">Folosim cercet\u0103ri actuale pentru a oferi cele mai bune sfaturi \u00een \u00eengrijirea animalelor \u0219i medicina veterinar\u0103.<\/p><\/div><\/div>\n\n<div class=\"wp-block-uagb-container uagb-block-a44f5268\"><div class=\"wp-block-uagb-advanced-heading uagb-block-3acd47ef\"><div class=\"uagb-heading-text\">02.<\/div><\/div>\n\n<div class=\"wp-block-uagb-advanced-heading uagb-block-fd65736d\"><h3 class=\"uagb-heading-text\">Produse de \u00eenalt\u0103 calitate<\/h3><p class=\"uagb-desc-text\">Select\u0103m cu aten\u021bie produse de calitate superioar\u0103, pentru a asigura bun\u0103starea animalelor \u0219i satisfac\u021bia proprietarilor.<\/p><\/div><\/div>\n\n<div class=\"wp-block-uagb-container uagb-block-b3c03ce4\"><div class=\"wp-block-uagb-advanced-heading uagb-block-c5d4336e\"><div class=\"uagb-heading-text\">03.<\/div><\/div>\n\n<div class=\"wp-block-uagb-advanced-heading uagb-block-3d3e70a3\"><h3 class=\"uagb-heading-text\">Resurse accesibile<\/h3><p class=\"uagb-desc-text\">Oferim informa\u021bii utile \u0219i sfaturi care pot fi accesate u\u0219or, indiferent de nivelul de cuno\u0219tin\u021be al utilizatorilor.<\/p><\/div><\/div><\/div><\/div><\/div><div class=\"wp-block-uagb-container uagb-block-780a1f8e alignfull uagb-is-root-container\"><div class=\"uagb-container-inner-blocks-wrap\"><figure class=\"wp-block-gallery has-nested-images columns-default is-cropped wp-block-gallery-1 is-layout-flex wp-block-gallery-is-layout-flex\"><figure class=\"wp-block-image size-large\"><img fetchpriority=\"high\" decoding=\"async\" width=\"683\" height=\"1024\" data-id=\"1903\" src=\"https:\/\/palatvet.ro\/wp-content\/uploads\/2024\/10\/smiling-female-veterinarian-examining-dog-s-paw-lying-table-clinic-683x1024.jpg\" alt=\"\" class=\"wp-image-1903\" srcset=\"https:\/\/palatvet.ro\/wp-content\/uploads\/2024\/10\/smiling-female-veterinarian-examining-dog-s-paw-lying-table-clinic-683x1024.jpg 683w, https:\/\/palatvet.ro\/wp-content\/uploads\/2024\/10\/smiling-female-veterinarian-examining-dog-s-paw-lying-table-clinic-scaled-600x900.jpg 600w, https:\/\/palatvet.ro\/wp-content\/uploads\/2024\/10\/smiling-female-veterinarian-examining-dog-s-paw-lying-table-clinic-200x300.jpg 200w, https:\/\/palatvet.ro\/wp-content\/uploads\/2024\/10\/smiling-female-veterinarian-examining-dog-s-paw-lying-table-clinic-768x1152.jpg 768w, https:\/\/palatvet.ro\/wp-content\/uploads\/2024\/10\/smiling-female-veterinarian-examining-dog-s-paw-lying-table-clinic-1024x1536.jpg 1024w, https:\/\/palatvet.ro\/wp-content\/uploads\/2024\/10\/smiling-female-veterinarian-examining-dog-s-paw-lying-table-clinic-1365x2048.jpg 1365w, https:\/\/palatvet.ro\/wp-content\/uploads\/2024\/10\/smiling-female-veterinarian-examining-dog-s-paw-lying-table-clinic-scaled.jpg 1707w\" sizes=\"(max-width: 683px) 100vw, 683px\" \/><\/figure><\/figure>\n\n<div class=\"wp-block-uagb-container uagb-block-d27083e4\"><div class=\"wp-block-uagb-info-box uagb-block-8498e7f2 uagb-infobox__content-wrap  uagb-infobox-icon-above-title uagb-infobox-image-valign-top\"><div class=\"uagb-ifb-content\"><div class=\"uagb-ifb-title-wrap\"><p class=\"uagb-ifb-title-prefix\">Descoper\u0103<\/p><h2 class=\"uagb-ifb-title\">Pasiunea noastr\u0103 pentru animale<\/h2><\/div><p class=\"uagb-ifb-desc\">Palat Vet a fost fondat din dorin\u021ba de a sprijini animalele de companie \u0219i proprietarii acestora. Cunoa\u0219tem importan\u021ba unei \u00eengrijiri de calitate.<\/p><div class=\"uagb-ifb-button-wrapper wp-block-button\"><a href=\"about-us\/\" class=\"uagb-infobox-cta-link wp-block-button__link\" target=\"_self\" rel=\"noopener noreferrer\" onclick=\"return true;\"><span class=\"uagb-inline-editing\">Despre noi<\/span><\/a><\/div><\/div><\/div><\/div><\/div><\/div><div class=\"wp-block-uagb-container uagb-block-ae412d97 alignfull uagb-is-root-container\"><div class=\"uagb-container-inner-blocks-wrap\"><div class=\"wp-block-uagb-advanced-heading uagb-block-1ab9713e\"><div class=\"uagb-heading-text\">Ce oferim<\/div><\/div>\n\n<div class=\"wp-block-uagb-advanced-heading uagb-block-986c2436\"><h2 class=\"uagb-heading-text\">Articole informative \u0219i produse excelent<\/h2><\/div>\n\n<div class=\"wp-block-uagb-container uagb-block-01d73708\"><div class=\"wp-block-uagb-container uagb-block-045c2440\"><div class=\"wp-block-uagb-image alignleft uagb-block-f7a633db wp-block-uagb-image--layout-default wp-block-uagb-image--effect-static wp-block-uagb-image--align-left\"><figure class=\"wp-block-uagb-image__figure\"><img loading=\"lazy\" decoding=\"async\" srcset=\"https:\/\/palatvet.ro\/wp-content\/uploads\/2024\/10\/beautiful-shot-cute-gray-cat-window-store-captured-poznan-poland-1024x683.jpg ,https:\/\/palatvet.ro\/wp-content\/uploads\/2024\/10\/beautiful-shot-cute-gray-cat-window-store-captured-poznan-poland-scaled.jpg 780w, https:\/\/palatvet.ro\/wp-content\/uploads\/2024\/10\/beautiful-shot-cute-gray-cat-window-store-captured-poznan-poland-scaled.jpg 360w\" sizes=\"auto, (max-width: 480px) 150px\" src=\"https:\/\/palatvet.ro\/wp-content\/uploads\/2024\/10\/beautiful-shot-cute-gray-cat-window-store-captured-poznan-poland-1024x683.jpg\" alt=\"\" class=\"uag-image-1917\" width=\"384\" height=\"330\" title=\"Beautiful shot of a cute gray cat behind the window of a store captured in Poznan, Poland\" loading=\"lazy\" role=\"img\"\/><\/figure><\/div>\n\n<div class=\"wp-block-uagb-info-box uagb-block-37892873 uagb-infobox__content-wrap  uagb-infobox-icon-above-title uagb-infobox-image-valign-top\"><div class=\"uagb-ifb-content\"><div class=\"uagb-ifb-title-wrap\"><h3 class=\"uagb-ifb-title\">Blog Informativ<\/h3><\/div><p class=\"uagb-ifb-desc\">Articole utile pentru \u00eengrijirea animalelor de companie.<\/p><div class=\"uagb-ifb-button-wrapper wp-block-button\"><a href=\"offerings\/\" class=\"uagb-infobox-cta-link wp-block-button__link\" target=\"_self\" rel=\"noopener noreferrer\" onclick=\"return true;\"><span class=\"uagb-inline-editing\">BLOG<\/span><\/a><\/div><\/div><\/div><\/div>\n\n<div class=\"wp-block-uagb-container uagb-block-badbb219\"><div class=\"wp-block-uagb-image alignleft uagb-block-d53ac889 wp-block-uagb-image--layout-default wp-block-uagb-image--effect-static wp-block-uagb-image--align-left\"><figure class=\"wp-block-uagb-image__figure\"><img loading=\"lazy\" decoding=\"async\" srcset=\"https:\/\/palatvet.ro\/wp-content\/uploads\/2024\/10\/1-1024x1024.jpg ,https:\/\/palatvet.ro\/wp-content\/uploads\/2024\/10\/1-scaled.jpg 780w, https:\/\/palatvet.ro\/wp-content\/uploads\/2024\/10\/1-scaled.jpg 360w\" sizes=\"auto, (max-width: 480px) 150px\" src=\"https:\/\/palatvet.ro\/wp-content\/uploads\/2024\/10\/1-1024x1024.jpg\" alt=\"\" class=\"uag-image-1908\" width=\"378\" height=\"330\" title=\"Happy dog in sunglasses with shopping cart of pet supplies in a playful setting\" loading=\"lazy\" role=\"img\"\/><\/figure><\/div>\n\n<div class=\"wp-block-uagb-info-box uagb-block-38d12367 uagb-infobox__content-wrap  uagb-infobox-icon-above-title uagb-infobox-image-valign-top\"><div class=\"uagb-ifb-content\"><div class=\"uagb-ifb-title-wrap\"><h3 class=\"uagb-ifb-title\">Magazin Online<\/h3><\/div><p class=\"uagb-ifb-desc\">Produse de calitate pentru animalele tale \u0219i \u00eengrijirea lor.<\/p><div class=\"uagb-ifb-button-wrapper wp-block-button\"><a href=\"offerings\/\" class=\"uagb-infobox-cta-link wp-block-button__link\" target=\"_self\" rel=\"noopener noreferrer\" onclick=\"return true;\"><span class=\"uagb-inline-editing\">SHOP<\/span><\/a><\/div><\/div><\/div><\/div><\/div><\/div><\/div><div class=\"wp-block-uagb-container uagb-block-6493d0aa alignfull uagb-is-root-container\"><div class=\"uagb-container-inner-blocks-wrap\"><div class=\"wp-block-uagb-advanced-heading uagb-block-1f9aaa50\"><div class=\"uagb-heading-text\">P\u0103reri ale clien\u021bilor<\/div><\/div>\n\n<div class=\"wp-block-uagb-advanced-heading uagb-block-58951306\"><h2 class=\"uagb-heading-text\">Ce spun utilizatorii no\u0219tri<\/h2><\/div>\n\n<div class=\"wp-block-uagb-container uagb-block-4e1b4377\"><div class=\"wp-block-uagb-container uagb-block-bdbe1eb6\"><div class=\"wp-block-uagb-star-rating uagb-block-0cbc3375\"><div class=\"uag-star-rating\" title=\"5\/5\"><span class=\"uag-star\">\u2605<\/span><span class=\"uag-star\">\u2605<\/span><span class=\"uag-star\">\u2605<\/span><span class=\"uag-star\">\u2605<\/span><span class=\"uag-star\">\u2605<\/span><\/div><\/div><\/div>\n\n<div class=\"wp-block-uagb-container uagb-block-5b46cc89\"><div class=\"wp-block-uagb-star-rating uagb-block-b6299df0\"><div class=\"uag-star-rating\" title=\"5\/5\"><span class=\"uag-star\">\u2605<\/span><span class=\"uag-star\">\u2605<\/span><span class=\"uag-star\">\u2605<\/span><span class=\"uag-star\">\u2605<\/span><span class=\"uag-star\">\u2605<\/span><\/div><\/div><\/div><\/div><\/div><\/div><div class=\"wp-block-uagb-container uagb-block-20a41ee1 alignfull uagb-is-root-container\"><div class=\"uagb-container-inner-blocks-wrap\"><div class=\"wp-block-uagb-image alignleft uagb-block-3914175c wp-block-uagb-image--layout-default wp-block-uagb-image--effect-static wp-block-uagb-image--align-left\"><figure class=\"wp-block-uagb-image__figure\"><img loading=\"lazy\" decoding=\"async\" srcset=\"https:\/\/palatvet.ro\/wp-content\/uploads\/2024\/10\/close-up-veterinarian-taking-care-cat-scaled.jpg ,https:\/\/palatvet.ro\/wp-content\/uploads\/2024\/10\/close-up-veterinarian-taking-care-cat-scaled.jpg 780w, https:\/\/palatvet.ro\/wp-content\/uploads\/2024\/10\/close-up-veterinarian-taking-care-cat-scaled.jpg 360w\" sizes=\"auto, (max-width: 480px) 150px\" src=\"https:\/\/palatvet.ro\/wp-content\/uploads\/2024\/10\/close-up-veterinarian-taking-care-cat-scaled.jpg\" alt=\"\" class=\"uag-image-1850\" width=\"560\" height=\"500\" title=\"\" loading=\"lazy\" role=\"img\"\/><\/figure><\/div>\n\n<div class=\"wp-block-uagb-container uagb-block-655a6293\"><div class=\"wp-block-uagb-advanced-heading uagb-block-9c99fc57\"><div class=\"uagb-heading-text\">De ce s\u0103 ne alegi?<\/div><\/div>\n\n<div class=\"wp-block-uagb-advanced-heading uagb-block-011e80d1\"><h2 class=\"uagb-heading-text\">Valorile noastre unice<\/h2><p class=\"uagb-desc-text\">Palat Vet ofer\u0103 o combina\u021bie de expertiz\u0103, produse de calitate \u0219i accesibilitate pentru to\u021bi iubitorii de animale.<\/p><\/div>\n\n<div class=\"wp-block-uagb-icon-list uagb-block-85841d5b\"><div class=\"uagb-icon-list__wrap\"><div class=\"wp-block-uagb-icon-list-child uagb-block-50444aed\"><span class=\"uagb-icon-list__source-wrap\"><svg xmlns=\"https:\/\/www.w3.org\/2000\/svg\" viewBox=\"0 0 512 512\"><path d=\"M0 256C0 114.6 114.6 0 256 0C397.4 0 512 114.6 512 256C512 397.4 397.4 512 256 512C114.6 512 0 397.4 0 256zM371.8 211.8C382.7 200.9 382.7 183.1 371.8 172.2C360.9 161.3 343.1 161.3 332.2 172.2L224 280.4L179.8 236.2C168.9 225.3 151.1 225.3 140.2 236.2C129.3 247.1 129.3 264.9 140.2 275.8L204.2 339.8C215.1 350.7 232.9 350.7 243.8 339.8L371.8 211.8z\"><\/path><\/svg><\/span><span class=\"uagb-icon-list__label\">Expertiz\u0103 veterinar\u0103<\/span><\/div>\n\n<div class=\"wp-block-uagb-icon-list-child uagb-block-117573da\"><span class=\"uagb-icon-list__source-wrap\"><svg xmlns=\"https:\/\/www.w3.org\/2000\/svg\" viewBox=\"0 0 512 512\"><path d=\"M0 256C0 114.6 114.6 0 256 0C397.4 0 512 114.6 512 256C512 397.4 397.4 512 256 512C114.6 512 0 397.4 0 256zM371.8 211.8C382.7 200.9 382.7 183.1 371.8 172.2C360.9 161.3 343.1 161.3 332.2 172.2L224 280.4L179.8 236.2C168.9 225.3 151.1 225.3 140.2 236.2C129.3 247.1 129.3 264.9 140.2 275.8L204.2 339.8C215.1 350.7 232.9 350.7 243.8 339.8L371.8 211.8z\"><\/path><\/svg><\/span><span class=\"uagb-icon-list__label\">Produse de calitate superioar\u0103<\/span><\/div>\n\n<div class=\"wp-block-uagb-icon-list-child uagb-block-d1d479ba\"><span class=\"uagb-icon-list__source-wrap\"><svg xmlns=\"https:\/\/www.w3.org\/2000\/svg\" viewBox=\"0 0 512 512\"><path d=\"M0 256C0 114.6 114.6 0 256 0C397.4 0 512 114.6 512 256C512 397.4 397.4 512 256 512C114.6 512 0 397.4 0 256zM371.8 211.8C382.7 200.9 382.7 183.1 371.8 172.2C360.9 161.3 343.1 161.3 332.2 172.2L224 280.4L179.8 236.2C168.9 225.3 151.1 225.3 140.2 236.2C129.3 247.1 129.3 264.9 140.2 275.8L204.2 339.8C215.1 350.7 232.9 350.7 243.8 339.8L371.8 211.8z\"><\/path><\/svg><\/span><span class=\"uagb-icon-list__label\">Comunitate de iubitori de animale<\/span><\/div><\/div><\/div><\/div><\/div><\/div><div class=\"wp-block-uagb-container uagb-block-43f78ea6 alignfull uagb-is-root-container\"><div class=\"uagb-container-inner-blocks-wrap\"><div class=\"wp-block-uagb-info-box uagb-block-52cbc377 uagb-infobox__content-wrap  uagb-infobox-icon-above-title uagb-infobox-image-valign-top\"><div class=\"uagb-ifb-content\"><div class=\"uagb-ifb-title-wrap\"><h2 class=\"uagb-ifb-title\">Al\u0103tur\u0103-te comunit\u0103\u021bii noastre<\/h2><\/div><p class=\"uagb-ifb-desc\">\u00censcrie-te pentru sfaturi utile \u0219i oferte exclusive pentru iubitorii de animale!<\/p><\/div><\/div>\n\n<div class=\"wp-block-uagb-buttons uagb-buttons__outer-wrap uagb-btn__default-btn uagb-btn-tablet__default-btn uagb-btn-mobile__default-btn uagb-block-f4d2bfe9\"><div class=\"uagb-buttons__wrap uagb-buttons-layout-wrap \"><div class=\"wp-block-uagb-buttons-child uagb-buttons__outer-wrap uagb-block-1b3b52ed wp-block-button\"><div class=\"uagb-button__wrapper\"><a class=\"uagb-buttons-repeater wp-block-button__link\" aria-label=\"\" href=\"\/contact\/\" rel=\"follow noopener\" target=\"_self\"><div class=\"uagb-button__link\">\u00cencepe aici<\/div><\/a><\/div><\/div><\/div><\/div><\/div><\/div><p><\/p>","protected":false},"excerpt":{"rendered":"<p>Expertiza noastr\u0103 Valorile noastre unice \u00een \u00eengrijirea animalelor de companie 01. \u00cengrijire bazat\u0103 pe \u0219tiin\u021b\u0103 Folosim cercet\u0103ri actuale pentru a [&hellip;]<\/p>\n","protected":false},"author":2,"featured_media":0,"parent":0,"menu_order":0,"comment_status":"closed","ping_status":"closed","template":"","meta":{"_surecart_dashboard_logo_width":"180px","_surecart_dashboard_show_logo":true,"_surecart_dashboard_navigation_orders":true,"_surecart_dashboard_navigation_invoices":true,"_surecart_dashboard_navigation_subscriptions":true,"_surecart_dashboard_navigation_downloads":true,"_surecart_dashboard_navigation_billing":true,"_surecart_dashboard_navigation_account":true,"_uag_custom_page_level_css":"","site-sidebar-layout":"default","site-content-layout":"plain-container","ast-site-content-layout":"default","site-content-style":"default","site-sidebar-style":"default","ast-global-header-display":"","ast-banner-title-visibility":"","ast-main-header-display":"","ast-hfb-above-header-display":"","ast-hfb-below-header-display":"","ast-hfb-mobile-header-display":"","site-post-title":"disabled","ast-breadcrumbs-content":"","ast-featured-img":"","footer-sml-layout":"","theme-transparent-header-meta":"","adv-header-id-meta":"","stick-header-meta":"","header-above-stick-meta":"","header-main-stick-meta":"","header-below-stick-meta":"","astra-migrate-meta-layouts":"set","ast-page-background-enabled":"default","ast-page-background-meta":{"desktop":{"background-color":"var(--ast-global-color-4)","background-image":"","background-repeat":"repeat","background-position":"center center","background-size":"auto","background-attachment":"scroll","background-type":"","background-media":"","overlay-type":"","overlay-color":"","overlay-opacity":"","overlay-gradient":""},"tablet":{"background-color":"","background-image":"","background-repeat":"repeat","background-position":"center center","background-size":"auto","background-attachment":"scroll","background-type":"","background-media":"","overlay-type":"","overlay-color":"","overlay-opacity":"","overlay-gradient":""},"mobile":{"background-color":"","background-image":"","background-repeat":"repeat","background-position":"center center","background-size":"auto","background-attachment":"scroll","background-type":"","background-media":"","overlay-type":"","overlay-color":"","overlay-opacity":"","overlay-gradient":""}},"ast-content-background-meta":{"desktop":{"background-color":"var(--ast-global-color-5)","background-image":"","background-repeat":"repeat","background-position":"center center","background-size":"auto","background-attachment":"scroll","background-type":"","background-media":"","overlay-type":"","overlay-color":"","overlay-opacity":"","overlay-gradient":""},"tablet":{"background-color":"var(--ast-global-color-5)","background-image":"","background-repeat":"repeat","background-position":"center center","background-size":"auto","background-attachment":"scroll","background-type":"","background-media":"","overlay-type":"","overlay-color":"","overlay-opacity":"","overlay-gradient":""},"mobile":{"background-color":"var(--ast-global-color-5)","background-image":"","background-repeat":"repeat","background-position":"center center","background-size":"auto","background-attachment":"scroll","background-type":"","background-media":"","overlay-type":"","overlay-color":"","overlay-opacity":"","overlay-gradient":""}},"footnotes":""},"class_list":["post-1862","page","type-page","status-publish","hentry"],"uagb_featured_image_src":{"full":false,"thumbnail":false,"medium":false,"medium_large":false,"large":false,"1536x1536":false,"2048x2048":false,"woocommerce_thumbnail":false,"woocommerce_single":false,"woocommerce_gallery_thumbnail":false},"uagb_author_info":{"display_name":"Pop Adriana","author_link":"https:\/\/palatvet.ro\/?author=2"},"uagb_comment_info":0,"uagb_excerpt":"Expertiza noastr\u0103 Valorile noastre unice \u00een \u00eengrijirea animalelor de companie 01. \u00cengrijire bazat\u0103 pe \u0219tiin\u021b\u0103 Folosim cercet\u0103ri actuale pentru a [&hellip;]","jetpack_sharing_enabled":true,"_links":{"self":[{"href":"https:\/\/palatvet.ro\/index.php?rest_route=\/wp\/v2\/pages\/1862","targetHints":{"allow":["GET"]}}],"collection":[{"href":"https:\/\/palatvet.ro\/index.php?rest_route=\/wp\/v2\/pages"}],"about":[{"href":"https:\/\/palatvet.ro\/index.php?rest_route=\/wp\/v2\/types\/page"}],"author":[{"embeddable":true,"href":"https:\/\/palatvet.ro\/index.php?rest_route=\/wp\/v2\/users\/2"}],"replies":[{"embeddable":true,"href":"https:\/\/palatvet.ro\/index.php?rest_route=%2Fwp%2Fv2%2Fcomments&post=1862"}],"version-history":[{"count":8,"href":"https:\/\/palatvet.ro\/index.php?rest_route=\/wp\/v2\/pages\/1862\/revisions"}],"predecessor-version":[{"id":1923,"href":"https:\/\/palatvet.ro\/index.php?rest_route=\/wp\/v2\/pages\/1862\/revisions\/1923"}],"wp:attachment":[{"href":"https:\/\/palatvet.ro\/index.php?rest_route=%2Fwp%2Fv2%2Fmedia&parent=1862"}],"curies":[{"name":"wp","href":"https:\/\/api.w.org\/{rel}","templated":true}]}}